{"id":3432,"date":"2017-08-10T12:14:49","date_gmt":"2017-08-10T09:14:49","guid":{"rendered":"http:\/\/www.mbirekul.com\/?page_id=3432"},"modified":"2017-08-10T12:14:49","modified_gmt":"2017-08-10T09:14:49","slug":"video-galeri","status":"publish","type":"page","link":"https:\/\/www.mbirekul.com\/?page_id=3432","title":{"rendered":"Video Galeri"},"content":{"rendered":"<p><iframe width=\"1170\" height=\"878\" src=\"https:\/\/www.youtube.com\/embed\/7wfYIMyS_dI?feature=oembed\" frameborder=\"0\" allow=\"accelerometer; autoplay; encrypted-media; gyroscope; picture-in-picture\" allowfullscreen><\/iframe><\/p>\n<p>De\u011ferler E\u011fitimi 9 \u00a0 &#8211; En iyi nasihat iyi \u00f6rnek olmakt\u0131r.<\/p>\n<p><iframe width=\"1170\" height=\"658\" src=\"https:\/\/www.youtube.com\/embed\/9nSxThK2Mpg?feature=oembed\" frameborder=\"0\" allow=\"accelerometer; autoplay; encrypted-media; gyroscope; picture-in-picture\" allowfullscreen><\/iframe><\/p>\n<p>De\u011ferler E\u011fitimi 8 \u00a0&#8211; Sayg\u0131 &#8211;<\/p>\n<p><iframe width=\"1170\" height=\"878\" src=\"https:\/\/www.youtube.com\/embed\/nOeHdzYgEDw?feature=oembed\" frameborder=\"0\" allow=\"accelerometer; autoplay; encrypted-media; gyroscope; picture-in-picture\" allowfullscreen><\/iframe><\/p>\n<p>Liderlik S\u0131rlar\u0131<\/p>\n<p>De\u011ferler E\u011fitimi 7<\/p>\n<p>E\u011fitimi 6<\/p>\n<p><a href=\"http:\/\/www.youtube.com\/watch?v=4eYkJW8N-Gg\">http:\/\/www.youtube.com\/watch?v=4eYkJW8N-Gg<\/a><\/p>\n<p>De\u011ferler E\u011fitimi -\u0130nsan- 5<\/p>\n<p>De\u011ferler E\u011fitimi 4<\/p>\n<p><iframe width=\"1170\" height=\"878\" src=\"https:\/\/www.youtube.com\/embed\/ym6WzaibnvA?feature=oembed\" frameborder=\"0\" allow=\"accelerometer; autoplay; encrypted-media; gyroscope; picture-in-picture\" allowfullscreen><\/iframe><\/p>\n<p>De\u011ferler E\u011fitimi 3<\/p>\n<p><iframe width=\"1170\" height=\"878\" src=\"https:\/\/www.youtube.com\/embed\/pa0STDCf_aA?feature=oembed\" frameborder=\"0\" allow=\"accelerometer; autoplay; encrypted-media; gyroscope; picture-in-picture\" allowfullscreen><\/iframe><\/p>\n<p>De\u011ferler E\u011fitimi 2<\/p>\n<p><iframe width=\"1170\" height=\"658\" src=\"https:\/\/www.youtube.com\/embed\/lYdYZ2Fmzrw?feature=oembed\" frameborder=\"0\" allow=\"accelerometer; autoplay; encrypted-media; gyroscope; picture-in-picture\" allowfullscreen><\/iframe><\/p>\n<p>De\u011ferler E\u011fitimi 1<\/p>\n<p><iframe width=\"1170\" height=\"658\" src=\"https:\/\/www.youtube.com\/embed\/ILQ6BWnT8-4?feature=oembed\" frameborder=\"0\" allow=\"accelerometer; autoplay; encrypted-media; gyroscope; picture-in-picture\" allowfullscreen><\/iframe><\/p>\n<p>Liderlik S\u0131rlar\u0131<\/p>\n<p><iframe width=\"1170\" height=\"878\" src=\"https:\/\/www.youtube.com\/embed\/Tv2tUMOqIZU?feature=oembed\" frameborder=\"0\" allow=\"accelerometer; autoplay; encrypted-media; gyroscope; picture-in-picture\" allowfullscreen><\/iframe><\/p>\n<div style=\"width: 640px;\" class=\"wp-video\"><!--[if lt IE 9]><script>document.createElement('video');<\/script><![endif]-->\n<video class=\"wp-video-shortcode\" id=\"video-3432-1\" width=\"640\" height=\"420\" preload=\"metadata\" controls=\"controls\"><source type=\"video\/mp4\" src=\"http:\/\/www.mbirekul.com\/wp-content\/uploads\/2014\/12\/Education-opens-the-door.mp4?_=1\" \/><a href=\"http:\/\/www.mbirekul.com\/wp-content\/uploads\/2014\/12\/Education-opens-the-door.mp4\">http:\/\/www.mbirekul.com\/wp-content\/uploads\/2014\/12\/Education-opens-the-door.mp4<\/a><\/video><\/div>\n<p>E\u011fitim Kap\u0131lar\u0131 A\u00e7ar<\/p>\n<p>&nbsp;<\/p>\n ","protected":false},"excerpt":{"rendered":"<p>De\u011ferler E\u011fitimi 9 \u00a0 &#8211; En iyi nasihat iyi \u00f6rnek olmakt\u0131r. De\u011ferler E\u011fitimi 8 \u00a0&#8211; Sayg\u0131 &#8211; Liderlik S\u0131rlar\u0131 De\u011ferler E\u011fitimi 7 E\u011fitimi 6 De\u011ferler E\u011fitimi -\u0130nsan- 5 De\u011ferler E\u011fitimi 4 De\u011ferler E\u011fitimi 3 De\u011ferler E\u011fitimi 2 De\u011ferler E\u011fitimi 1 Liderlik S\u0131rlar\u0131 E\u011fitim Kap\u0131lar\u0131 A\u00e7ar &nbsp;<\/p>\n","protected":false},"author":1,"featured_media":0,"parent":0,"menu_order":0,"comment_status":"closed","ping_status":"closed","template":"","meta":[],"_links":{"self":[{"href":"https:\/\/www.mbirekul.com\/index.php?rest_route=\/wp\/v2\/pages\/3432"}],"collection":[{"href":"https:\/\/www.mbirekul.com\/index.php?rest_route=\/wp\/v2\/pages"}],"about":[{"href":"https:\/\/www.mbirekul.com\/index.php?rest_route=\/wp\/v2\/types\/page"}],"author":[{"embeddable":true,"href":"https:\/\/www.mbirekul.com\/index.php?rest_route=\/wp\/v2\/users\/1"}],"replies":[{"embeddable":true,"href":"https:\/\/www.mbirekul.com\/index.php?rest_route=%2Fwp%2Fv2%2Fcomments&post=3432"}],"version-history":[{"count":0,"href":"https:\/\/www.mbirekul.com\/index.php?rest_route=\/wp\/v2\/pages\/3432\/revisions"}],"wp:attachment":[{"href":"https:\/\/www.mbirekul.com\/index.php?rest_route=%2Fwp%2Fv2%2Fmedia&parent=3432"}],"curies":[{"name":"wp","href":"https:\/\/api.w.org\/{rel}","templated":true}]}}